{"id":35,"date":"2023-10-24T14:09:55","date_gmt":"2023-10-24T14:09:55","guid":{"rendered":"https:\/\/barcelonatourswithirina.com\/politiques-de-privacitat\/"},"modified":"2023-11-07T12:34:11","modified_gmt":"2023-11-07T12:34:11","slug":"politica-de-privacidad","status":"publish","type":"page","link":"https:\/\/barcelonatourswithirina.com\/en\/privacy-policy\/","title":{"rendered":"Privacy Policy"},"content":{"rendered":"<div data-elementor-type=\"wp-page\" data-elementor-id=\"35\" class=\"elementor elementor-35\" data-elementor-post-type=\"page\">\n\t\t\t\t\t\t<section class=\"elementor-section elementor-top-section elementor-element elementor-element-56de4174 elementor-section-full_width elementor-section-height-min-height elementor-section-height-default elementor-section-items-middle\" data-id=\"56de4174\" data-element_type=\"section\" data-settings=\"{&quot;background_background&quot;:&quot;classic&quot;}\">\n\t\t\t\t\t\t\t<div class=\"elementor-background-overlay\"><\/div>\n\t\t\t\t\t\t\t<div class=\"elementor-container elementor-column-gap-no\">\n\t\t\t\t\t<div class=\"elementor-column elementor-col-100 elementor-top-column elementor-element elementor-element-4210f543\" data-id=\"4210f543\" data-element_type=\"column\">\n\t\t\t<div class=\"elementor-widget-wrap elementor-element-populated\">\n\t\t\t\t\t\t<section class=\"elementor-section elementor-inner-section elementor-element elementor-element-5633597d elementor-section-boxed elementor-section-height-default elementor-section-height-default\" data-id=\"5633597d\" data-element_type=\"section\">\n\t\t\t\t\t\t<div class=\"elementor-container elementor-column-gap-default\">\n\t\t\t\t\t<div class=\"elementor-column elementor-col-100 elementor-inner-column elementor-element elementor-element-5c65f2d5\" data-id=\"5c65f2d5\" data-element_type=\"column\">\n\t\t\t<div class=\"elementor-widget-wrap elementor-element-populated\">\n\t\t\t\t\t\t<div class=\"elementor-element elementor-element-6d4792c3 elementor-widget elementor-widget-text-editor\" data-id=\"6d4792c3\" data-element_type=\"widget\" data-widget_type=\"text-editor.default\">\n\t\t\t\t<div class=\"elementor-widget-container\">\n\t\t\t\t\t\t\t<p>Privacy Policy<\/p>\t\t\t\t\t\t<\/div>\n\t\t\t\t<\/div>\n\t\t\t\t\t<\/div>\n\t\t<\/div>\n\t\t\t\t\t<\/div>\n\t\t<\/section>\n\t\t\t\t\t<\/div>\n\t\t<\/div>\n\t\t\t\t\t<\/div>\n\t\t<\/section>\n\t\t\t\t<section class=\"elementor-section elementor-top-section elementor-element elementor-element-619e3f5e elementor-section-full_width elementor-section-height-min-height elementor-hidden-mobile elementor-section-height-default elementor-section-items-middle\" data-id=\"619e3f5e\" data-element_type=\"section\">\n\t\t\t\t\t\t<div class=\"elementor-container elementor-column-gap-default\">\n\t\t\t\t\t<div class=\"elementor-column elementor-col-100 elementor-top-column elementor-element elementor-element-465bd66d\" data-id=\"465bd66d\" data-element_type=\"column\">\n\t\t\t<div class=\"elementor-widget-wrap\">\n\t\t\t\t\t\t\t<\/div>\n\t\t<\/div>\n\t\t\t\t\t<\/div>\n\t\t<\/section>\n\t\t\t\t<section class=\"elementor-section elementor-top-section elementor-element elementor-element-88011dd elementor-section-boxed elementor-section-height-default elementor-section-height-default\" data-id=\"88011dd\" data-element_type=\"section\">\n\t\t\t\t\t\t<div class=\"elementor-container elementor-column-gap-default\">\n\t\t\t\t\t<div class=\"elementor-column elementor-col-100 elementor-top-column elementor-element elementor-element-2a030860\" data-id=\"2a030860\" data-element_type=\"column\">\n\t\t\t<div class=\"elementor-widget-wrap elementor-element-populated\">\n\t\t\t\t\t\t<section class=\"elementor-section elementor-inner-section elementor-element elementor-element-541bbd50 elementor-section-content-middle elementor-section-boxed elementor-section-height-default elementor-section-height-default\" data-id=\"541bbd50\" data-element_type=\"section\" data-settings=\"{&quot;background_background&quot;:&quot;classic&quot;}\">\n\t\t\t\t\t\t<div class=\"elementor-container elementor-column-gap-default\">\n\t\t\t\t\t<div class=\"elementor-column elementor-col-100 elementor-inner-column elementor-element elementor-element-8746253\" data-id=\"8746253\" data-element_type=\"column\">\n\t\t\t<div class=\"elementor-widget-wrap elementor-element-populated\">\n\t\t\t\t\t\t\t<\/div>\n\t\t<\/div>\n\t\t\t\t\t<\/div>\n\t\t<\/section>\n\t\t\t\t\t<\/div>\n\t\t<\/div>\n\t\t\t\t\t<\/div>\n\t\t<\/section>\n\t\t\t\t<section class=\"elementor-section elementor-top-section elementor-element elementor-element-239a1a3 elementor-section-boxed elementor-section-height-default elementor-section-height-default\" data-id=\"239a1a3\" data-element_type=\"section\">\n\t\t\t\t\t\t<div class=\"elementor-container elementor-column-gap-default\">\n\t\t\t\t\t<div class=\"elementor-column elementor-col-100 elementor-top-column elementor-element elementor-element-9f74643\" data-id=\"9f74643\" data-element_type=\"column\">\n\t\t\t<div class=\"elementor-widget-wrap elementor-element-populated\">\n\t\t\t\t\t\t<div class=\"elementor-element elementor-element-21bb315 elementor-widget elementor-widget-text-editor\" data-id=\"21bb315\" data-element_type=\"widget\" data-widget_type=\"text-editor.default\">\n\t\t\t\t<div class=\"elementor-widget-container\">\n\t\t\t\t\t\t\t<p>Privacy policies<br \/>If you are here it is because you want to know more about the obligations and rights that correspond to you as a user of this website https:\/\/barcelonatourswithirina.com\/ and this is very good.<\/p><p>Our duty is to inform you and you to be duly informed.<br \/>In this Privacy Policy we will inform you with complete transparency about the purpose of this website and everything that affects the data you provide us, as well as the obligations and rights that correspond to you.<\/p><p>To begin with, you should know that this website adapts to current regulations regarding data protection, which affects the personal data that you provide us with your express consent and the cookies we use so that this website works correctly and can develop its activity.<\/p><p>Specifically, this website complies with the following regulations:<br \/>The RGPD (Regulation (EU) 2016\/679 of the European Parliament and of the Council of April 27, 2016 regarding the protection of natural persons), which is the new regulation of the European Union that unifies the regulation of the processing of personal data in the different EU countries.<\/p><p>The LOPD (Organic Law 15\/1999, of December 13, on the Protection of Personal Data and Royal Decree 1720\/2007, of December 21, the Regulations for the development of the LOPD) which regulates the processing of personal data and the obligations that those responsible for a website or blog must assume when managing this information.<br \/>The LSSI (Law 34\/2002, of July 11, on Information Society Services and Electronic Commerce) that regulates economic transactions through electronic means, as is the case of this blog.<\/p><p>IDENTIFICATION DATA<\/p><p>The person responsible and owner of this website is Company Name<br \/>\u2022 Name: <br \/>\u2022 NIF: <br \/>\u2022 Registered Office: <br \/>\u2022 Email: sytcheva2811@gmail.com<\/p><p><br \/>The data that you provide us with your consent, and in accordance with the use established in this Privacy Policy, will be incorporated into a private file, in which the person responsible for this file is: company name This means that your data is safe, according to what is established by law.<\/p><p>The personal data that you provide us, always with your express consent, will be stored and processed for the purposes provided and described below in this Privacy Policy, until you ask us to delete it.<br \/>We inform you that this Privacy Policy may be modified at any time, in order to adapt it to legislative developments or changes in our activities, the one published on the web at any time being valid. This modification will be notified to you before its application.<\/p><p>TERMS OF USE<br \/>You should know, for your peace of mind, that we will always request your express consent to request your data for the corresponding purpose specified in each case, which implies that, if you grant this consent, you must read and accept this<\/p><p>Privacy Policy.<\/p><p>When you access and use this website, you assume your status as a user with your corresponding rights and obligations.<\/p><p>If you are over 13 years of age, you may register as a user on this website without the prior consent of your parents or guardians.<\/p><p>If you are under 13 years of age, you will need the consent of your parents or guardians for the processing of their personal data.<\/p><p>REGISTRATION AND PURPOSE OF YOUR DATA<br \/>Depending on the form or section you access, we will only request the data necessary for the purposes described below. At all times, you must give your express consent when we request personal information for the following purposes:<\/p><p>\u2022 The specific purposes that are particularly indicated on each of the pages or sections where the registration or electronic contact form appears.<\/p><p>\u2022 In general, to respond to your requests, comments, queries or any type of request that you make as a user through any of the contact forms that we make available to you.<\/p><p>\u2022 To inform you about queries, requests, activities, products, news and\/or services; via email, fax, Whatsapp, Skype, telephone provided, sms and mms.<\/p><p>\u2022 To send you commercial or advertising communications through any other electronic or physical means that makes it possible to make communications.<\/p><p>These communications will always be related to our products, services, news or promotions, as well as those products or services that we may consider of interest to you and that may be offered by collaborators, companies or partners with whom we maintain promotional or commercial collaboration agreements.<\/p><p>If so, we guarantee that these third parties will never have access to your personal data, with the exceptions reflected below, and in any case these communications will be made<br \/>given by Granel SCCL, as owner of the website.<\/p><p>In this case, you should know that we only provide and facilitate links to the pages and\/or platforms of these third parties where the products we show can be purchased, to facilitate their search and easy acquisition.<br \/>These linked pages belonging to third parties have not been reviewed nor are they the subject of controls or recommendations on our part, so in no case will Company Name be considered responsible for the contents of these websites, for the responsibilities arising from their use in all areas, nor for the measures adopted regarding user privacy, processing of personal data or others that may be established.<\/p><p>For all these reasons, we recommend that you read carefully and in advance all the conditions of use, purchase conditions, privacy policies, legal notices and\/or similar of these linked sites before proceeding to purchase these products or use the websites. .<\/p><p>ACCURACY AND TRUTHFULNESS OF THE DATA<br \/>As a user, you are solely responsible for the veracity and modification of the data you send to Granel SCCL, exonerating us from any responsibility in this regard.<\/p><p>That is, it is your responsibility to guarantee and respond in any case to the accuracy, validity and authenticity of the personal data provided, and you undertake to keep them duly updated.<\/p><p>In accordance with this Privacy Policy, you agree to provide complete and correct information in the contact or subscription form.<\/p><p>UNSUBSCRIPTIONS AND RIGHT OF REVOCATION<br \/>As the owner of the data that you have provided us, you can exercise your rights of access, rectification, cancellation and opposition at any time, by sending us an email to sytcheva2811@gmail.com and attaching a photocopy of your identity document as valid proof.<\/p><p>Likewise, you can unsubscribe at any time to stop receiving our newsletter or any other commercial communication, directly from the same email you received or by sending us an email to sytcheva2811@gmail.com<\/p><p>ACCESS TO DATA ON BEHALF OF THIRD PARTIES<br \/>In order to provide services strictly necessary for the operation and development of the activities of this website, we inform you that we share data with the following service providers under their corresponding privacy conditions.<\/p><p>You can rest assured that these third parties will not be able to use this information for any other purpose that is not specifically regulated in our relations with them under the applicable regulations on the protection of personal data.<\/p><p>This website is hosted at https:\/\/siteground.com, with the trademark barcelonatourswithirina.com, which provides hosting services so you can access and navigate our site. You can consult the privacy policy and other legal aspects of this company at the following link https:\/\/barcelonatourswithirina.com\/politiques-de-privacidad\/<\/p><p>Our website uses advertising servers to facilitate the commercial content that you view on our pages. These advertising servers use cookies that allow them to adapt advertising content to the demographic profiles of users:<br \/>Google Analytics:<br \/>Google Analytics is a web analytics service provided by Google, Inc., a Delaware company with its main office at 1600 Amphitheater Parkway, Mountain View (California), CA 94043, United States (\u201cGoogle\u201d).<br \/>Google Analytics uses \u201ccookies\u201d, which are text files located on your computer, to help the website analyze how users use the website.<\/p><p>The information generated by the cookie about your use of the website (including your IP address) will be directly transmitted and archived by Google.<\/p><p>Google will use this information on our behalf for the purpose of tracking your use of the website, compiling reports on website activity and providing other services related to website activity and Internet usage.<\/p><p>Google may transmit this information to third parties when required by law, or when these third parties process the information on Google&#039;s behalf. Google will not associate your IP address with any other data it holds.<\/p><p>As a user, and in exercise of your rights, you can reject the processing of data or information by rejecting the use of cookies by selecting the appropriate settings on your browser, however, you should know that if you do so you may not be able to use the full functionality of this website.<\/p><p>By using this website, in accordance with the information provided in this Privacy Policy, you accept the processing of data by Google in the manner and for the purposes indicated.<\/p><p>For more information, you can consult Google&#039;s privacy policy at https:\/\/www.google.com\/intl\/es\/<br \/>police\/privacy\/.<\/p><p>SECURITY MEASURES<br \/>As the owner of the website, Company Name has adopted all the necessary technical and organizational measures to guarantee the security and integrity of the personal data it processes, as well as to prevent its loss, alteration and\/or access by unauthorized third parties. authorized.<\/p><p>We remind you that, for more information, you can consult our Legal Notice and Cookies Policy pages.<\/p>\t\t\t\t\t\t<\/div>\n\t\t\t\t<\/div>\n\t\t\t\t\t<\/div>\n\t\t<\/div>\n\t\t\t\t\t<\/div>\n\t\t<\/section>\n\t\t\t\t<section class=\"elementor-section elementor-top-section elementor-element elementor-element-69e20676 elementor-section-full_width elementor-section-height-min-height elementor-hidden-mobile elementor-section-height-default elementor-section-items-middle\" data-id=\"69e20676\" data-element_type=\"section\">\n\t\t\t\t\t\t<div class=\"elementor-container elementor-column-gap-default\">\n\t\t\t\t\t<div class=\"elementor-column elementor-col-100 elementor-top-column elementor-element elementor-element-6d299c22\" data-id=\"6d299c22\" data-element_type=\"column\">\n\t\t\t<div class=\"elementor-widget-wrap\">\n\t\t\t\t\t\t\t<\/div>\n\t\t<\/div>\n\t\t\t\t\t<\/div>\n\t\t<\/section>\n\t\t\t\t<\/div>","protected":false},"excerpt":{"rendered":"<p>Privacy Policy Privacy PoliciesIf you are here it is because you want to know more about the obligations and rights that correspond to you as a user of this website https:\/\/barcelonatourswithirina.com\/ and this is very good. Our duty is to inform you and for you to be duly informed.In this Privacy Policy we will inform you with total transparency about the purpose of [\u2026]<\/p>","protected":false},"author":1,"featured_media":0,"parent":0,"menu_order":0,"comment_status":"closed","ping_status":"closed","template":"","meta":{"footnotes":""},"class_list":["post-35","page","type-page","status-publish","hentry"],"yoast_head":"<!-- This site is optimized with the Yoast SEO plugin v23.9 - https:\/\/yoast.com\/wordpress\/plugins\/seo\/ -->\n<title>Pol\u00edtica de privacidad - Barcelona tours with Irina<\/title>\n<meta name=\"robots\" content=\"noindex, nofollow\" \/>\n<meta property=\"og:locale\" content=\"en_GB\" \/>\n<meta property=\"og:type\" content=\"article\" \/>\n<meta property=\"og:title\" content=\"Pol\u00edtica de privacidad - Barcelona tours with Irina\" \/>\n<meta property=\"og:description\" content=\"Pol\u00edtica de privacidad Pol\u00edticas de privacidadSi est\u00e1s aqu\u00ed es porque quieres saber m\u00e1s sobre las obligaciones y los derechos que te corresponden como usuario de esta web https:\/\/barcelonatourswithirina.com\/ y esto est\u00e1 muy bien. Nuestro deber es informarte y tu estar debidamente informado.En esta Pol\u00edtica de Privacidad te informaremos con total transparencia sobre la finalidad de [&hellip;]\" \/>\n<meta property=\"og:url\" content=\"https:\/\/barcelonatourswithirina.com\/en\/privacy-policy\/\" \/>\n<meta property=\"og:site_name\" content=\"Barcelona tours with Irina\" \/>\n<meta property=\"article:modified_time\" content=\"2023-11-07T12:34:11+00:00\" \/>\n<meta name=\"twitter:card\" content=\"summary_large_image\" \/>\n<meta name=\"twitter:label1\" content=\"Estimated reading time\" \/>\n\t<meta name=\"twitter:data1\" content=\"1 minute\" \/>\n<script type=\"application\/ld+json\" class=\"yoast-schema-graph\">{\"@context\":\"https:\/\/schema.org\",\"@graph\":[{\"@type\":\"WebPage\",\"@id\":\"https:\/\/barcelonatourswithirina.com\/politica-de-privacidad\/\",\"url\":\"https:\/\/barcelonatourswithirina.com\/politica-de-privacidad\/\",\"name\":\"Pol\u00edtica de privacidad - Barcelona tours with Irina\",\"isPartOf\":{\"@id\":\"https:\/\/barcelonatourswithirina.com\/#website\"},\"datePublished\":\"2023-10-24T14:09:55+00:00\",\"dateModified\":\"2023-11-07T12:34:11+00:00\",\"breadcrumb\":{\"@id\":\"https:\/\/barcelonatourswithirina.com\/politica-de-privacidad\/#breadcrumb\"},\"inLanguage\":\"en-GB\",\"potentialAction\":[{\"@type\":\"ReadAction\",\"target\":[\"https:\/\/barcelonatourswithirina.com\/politica-de-privacidad\/\"]}]},{\"@type\":\"BreadcrumbList\",\"@id\":\"https:\/\/barcelonatourswithirina.com\/politica-de-privacidad\/#breadcrumb\",\"itemListElement\":[{\"@type\":\"ListItem\",\"position\":1,\"name\":\"Portada\",\"item\":\"https:\/\/barcelonatourswithirina.com\/\"},{\"@type\":\"ListItem\",\"position\":2,\"name\":\"Pol\u00edtica de privacidad\"}]},{\"@type\":\"WebSite\",\"@id\":\"https:\/\/barcelonatourswithirina.com\/#website\",\"url\":\"https:\/\/barcelonatourswithirina.com\/\",\"name\":\"Barcelona tours with Irina\",\"description\":\"\",\"publisher\":{\"@id\":\"https:\/\/barcelonatourswithirina.com\/#organization\"},\"potentialAction\":[{\"@type\":\"SearchAction\",\"target\":{\"@type\":\"EntryPoint\",\"urlTemplate\":\"https:\/\/barcelonatourswithirina.com\/?s={search_term_string}\"},\"query-input\":{\"@type\":\"PropertyValueSpecification\",\"valueRequired\":true,\"valueName\":\"search_term_string\"}}],\"inLanguage\":\"en-GB\"},{\"@type\":\"Organization\",\"@id\":\"https:\/\/barcelonatourswithirina.com\/#organization\",\"name\":\"Barcelona tours with Irina\",\"url\":\"https:\/\/barcelonatourswithirina.com\/\",\"logo\":{\"@type\":\"ImageObject\",\"inLanguage\":\"en-GB\",\"@id\":\"https:\/\/barcelonatourswithirina.com\/#\/schema\/logo\/image\/\",\"url\":\"https:\/\/barcelonatourswithirina.com\/wp-content\/uploads\/2023\/10\/logo_irina.png\",\"contentUrl\":\"https:\/\/barcelonatourswithirina.com\/wp-content\/uploads\/2023\/10\/logo_irina.png\",\"width\":380,\"height\":38,\"caption\":\"Barcelona tours with Irina\"},\"image\":{\"@id\":\"https:\/\/barcelonatourswithirina.com\/#\/schema\/logo\/image\/\"}}]}<\/script>\n<!-- \/ Yoast SEO plugin. -->","yoast_head_json":{"title":"Pol\u00edtica de privacidad - Barcelona tours with Irina","robots":{"index":"noindex","follow":"nofollow"},"og_locale":"en_GB","og_type":"article","og_title":"Pol\u00edtica de privacidad - Barcelona tours with Irina","og_description":"Pol\u00edtica de privacidad Pol\u00edticas de privacidadSi est\u00e1s aqu\u00ed es porque quieres saber m\u00e1s sobre las obligaciones y los derechos que te corresponden como usuario de esta web https:\/\/barcelonatourswithirina.com\/ y esto est\u00e1 muy bien. Nuestro deber es informarte y tu estar debidamente informado.En esta Pol\u00edtica de Privacidad te informaremos con total transparencia sobre la finalidad de [&hellip;]","og_url":"https:\/\/barcelonatourswithirina.com\/en\/privacy-policy\/","og_site_name":"Barcelona tours with Irina","article_modified_time":"2023-11-07T12:34:11+00:00","twitter_card":"summary_large_image","twitter_misc":{"Estimated reading time":"1 minute"},"schema":{"@context":"https:\/\/schema.org","@graph":[{"@type":"WebPage","@id":"https:\/\/barcelonatourswithirina.com\/politica-de-privacidad\/","url":"https:\/\/barcelonatourswithirina.com\/politica-de-privacidad\/","name":"Pol\u00edtica de privacidad - Barcelona tours with Irina","isPartOf":{"@id":"https:\/\/barcelonatourswithirina.com\/#website"},"datePublished":"2023-10-24T14:09:55+00:00","dateModified":"2023-11-07T12:34:11+00:00","breadcrumb":{"@id":"https:\/\/barcelonatourswithirina.com\/politica-de-privacidad\/#breadcrumb"},"inLanguage":"en-GB","potentialAction":[{"@type":"ReadAction","target":["https:\/\/barcelonatourswithirina.com\/politica-de-privacidad\/"]}]},{"@type":"BreadcrumbList","@id":"https:\/\/barcelonatourswithirina.com\/politica-de-privacidad\/#breadcrumb","itemListElement":[{"@type":"ListItem","position":1,"name":"Portada","item":"https:\/\/barcelonatourswithirina.com\/"},{"@type":"ListItem","position":2,"name":"Pol\u00edtica de privacidad"}]},{"@type":"WebSite","@id":"https:\/\/barcelonatourswithirina.com\/#website","url":"https:\/\/barcelonatourswithirina.com\/","name":"Barcelona tours with Irina","description":"","publisher":{"@id":"https:\/\/barcelonatourswithirina.com\/#organization"},"potentialAction":[{"@type":"SearchAction","target":{"@type":"EntryPoint","urlTemplate":"https:\/\/barcelonatourswithirina.com\/?s={search_term_string}"},"query-input":{"@type":"PropertyValueSpecification","valueRequired":true,"valueName":"search_term_string"}}],"inLanguage":"en-GB"},{"@type":"Organization","@id":"https:\/\/barcelonatourswithirina.com\/#organization","name":"Barcelona tours with Irina","url":"https:\/\/barcelonatourswithirina.com\/","logo":{"@type":"ImageObject","inLanguage":"en-GB","@id":"https:\/\/barcelonatourswithirina.com\/#\/schema\/logo\/image\/","url":"https:\/\/barcelonatourswithirina.com\/wp-content\/uploads\/2023\/10\/logo_irina.png","contentUrl":"https:\/\/barcelonatourswithirina.com\/wp-content\/uploads\/2023\/10\/logo_irina.png","width":380,"height":38,"caption":"Barcelona tours with Irina"},"image":{"@id":"https:\/\/barcelonatourswithirina.com\/#\/schema\/logo\/image\/"}}]}},"_links":{"self":[{"href":"https:\/\/barcelonatourswithirina.com\/en\/wp-json\/wp\/v2\/pages\/35","targetHints":{"allow":["GET"]}}],"collection":[{"href":"https:\/\/barcelonatourswithirina.com\/en\/wp-json\/wp\/v2\/pages"}],"about":[{"href":"https:\/\/barcelonatourswithirina.com\/en\/wp-json\/wp\/v2\/types\/page"}],"author":[{"embeddable":true,"href":"https:\/\/barcelonatourswithirina.com\/en\/wp-json\/wp\/v2\/users\/1"}],"replies":[{"embeddable":true,"href":"https:\/\/barcelonatourswithirina.com\/en\/wp-json\/wp\/v2\/comments?post=35"}],"version-history":[{"count":15,"href":"https:\/\/barcelonatourswithirina.com\/en\/wp-json\/wp\/v2\/pages\/35\/revisions"}],"predecessor-version":[{"id":643,"href":"https:\/\/barcelonatourswithirina.com\/en\/wp-json\/wp\/v2\/pages\/35\/revisions\/643"}],"wp:attachment":[{"href":"https:\/\/barcelonatourswithirina.com\/en\/wp-json\/wp\/v2\/media?parent=35"}],"curies":[{"name":"wp","href":"https:\/\/api.w.org\/{rel}","templated":true}]}}