{"id":29,"date":"2023-10-24T14:09:54","date_gmt":"2023-10-24T14:09:54","guid":{"rendered":"https:\/\/barcelonatourswithirina.com\/politiques-de-cookies\/"},"modified":"2023-11-07T12:29:36","modified_gmt":"2023-11-07T12:29:36","slug":"politica-de-cookies","status":"publish","type":"page","link":"https:\/\/barcelonatourswithirina.com\/en\/cookies-policy\/","title":{"rendered":"Cookies policy"},"content":{"rendered":"<div data-elementor-type=\"wp-page\" data-elementor-id=\"29\" class=\"elementor elementor-29\" data-elementor-post-type=\"page\">\n\t\t\t\t\t\t<section class=\"elementor-section elementor-top-section elementor-element elementor-element-2ce84eed elementor-section-full_width elementor-section-height-min-height elementor-section-height-default elementor-section-items-middle\" data-id=\"2ce84eed\" data-element_type=\"section\" data-settings=\"{&quot;background_background&quot;:&quot;classic&quot;}\">\n\t\t\t\t\t\t\t<div class=\"elementor-background-overlay\"><\/div>\n\t\t\t\t\t\t\t<div class=\"elementor-container elementor-column-gap-no\">\n\t\t\t\t\t<div class=\"elementor-column elementor-col-100 elementor-top-column elementor-element elementor-element-2bde0704\" data-id=\"2bde0704\" data-element_type=\"column\">\n\t\t\t<div class=\"elementor-widget-wrap elementor-element-populated\">\n\t\t\t\t\t\t<section class=\"elementor-section elementor-inner-section elementor-element elementor-element-75c56f11 elementor-section-boxed elementor-section-height-default elementor-section-height-default\" data-id=\"75c56f11\" data-element_type=\"section\">\n\t\t\t\t\t\t<div class=\"elementor-container elementor-column-gap-default\">\n\t\t\t\t\t<div class=\"elementor-column elementor-col-100 elementor-inner-column elementor-element elementor-element-2f604982\" data-id=\"2f604982\" data-element_type=\"column\">\n\t\t\t<div class=\"elementor-widget-wrap elementor-element-populated\">\n\t\t\t\t\t\t<div class=\"elementor-element elementor-element-2a006836 elementor-widget elementor-widget-text-editor\" data-id=\"2a006836\" data-element_type=\"widget\" data-widget_type=\"text-editor.default\">\n\t\t\t\t<div class=\"elementor-widget-container\">\n\t\t\t\t\t\t\t<p>Cookies policy<\/p>\t\t\t\t\t\t<\/div>\n\t\t\t\t<\/div>\n\t\t\t\t\t<\/div>\n\t\t<\/div>\n\t\t\t\t\t<\/div>\n\t\t<\/section>\n\t\t\t\t\t<\/div>\n\t\t<\/div>\n\t\t\t\t\t<\/div>\n\t\t<\/section>\n\t\t\t\t<section class=\"elementor-section elementor-top-section elementor-element elementor-element-1b1dfd3d elementor-section-full_width elementor-section-height-min-height elementor-hidden-mobile elementor-section-height-default elementor-section-items-middle\" data-id=\"1b1dfd3d\" data-element_type=\"section\">\n\t\t\t\t\t\t<div class=\"elementor-container elementor-column-gap-default\">\n\t\t\t\t\t<div class=\"elementor-column elementor-col-100 elementor-top-column elementor-element elementor-element-7f7b9845\" data-id=\"7f7b9845\" data-element_type=\"column\">\n\t\t\t<div class=\"elementor-widget-wrap\">\n\t\t\t\t\t\t\t<\/div>\n\t\t<\/div>\n\t\t\t\t\t<\/div>\n\t\t<\/section>\n\t\t\t\t<section class=\"elementor-section elementor-top-section elementor-element elementor-element-651c1857 elementor-section-boxed elementor-section-height-default elementor-section-height-default\" data-id=\"651c1857\" data-element_type=\"section\">\n\t\t\t\t\t\t<div class=\"elementor-container elementor-column-gap-default\">\n\t\t\t\t\t<div class=\"elementor-column elementor-col-100 elementor-top-column elementor-element elementor-element-bfc3533\" data-id=\"bfc3533\" data-element_type=\"column\">\n\t\t\t<div class=\"elementor-widget-wrap elementor-element-populated\">\n\t\t\t\t\t\t<section class=\"elementor-section elementor-inner-section elementor-element elementor-element-58a7e44c elementor-section-content-middle elementor-section-boxed elementor-section-height-default elementor-section-height-default\" data-id=\"58a7e44c\" data-element_type=\"section\" data-settings=\"{&quot;background_background&quot;:&quot;classic&quot;}\">\n\t\t\t\t\t\t<div class=\"elementor-container elementor-column-gap-default\">\n\t\t\t\t\t<div class=\"elementor-column elementor-col-100 elementor-inner-column elementor-element elementor-element-7a911d8d\" data-id=\"7a911d8d\" data-element_type=\"column\">\n\t\t\t<div class=\"elementor-widget-wrap elementor-element-populated\">\n\t\t\t\t\t\t\t<\/div>\n\t\t<\/div>\n\t\t\t\t\t<\/div>\n\t\t<\/section>\n\t\t\t\t\t<\/div>\n\t\t<\/div>\n\t\t\t\t\t<\/div>\n\t\t<\/section>\n\t\t\t\t<section class=\"elementor-section elementor-top-section elementor-element elementor-element-aa9b6d4 elementor-section-boxed elementor-section-height-default elementor-section-height-default\" data-id=\"aa9b6d4\" data-element_type=\"section\">\n\t\t\t\t\t\t<div class=\"elementor-container elementor-column-gap-default\">\n\t\t\t\t\t<div class=\"elementor-column elementor-col-100 elementor-top-column elementor-element elementor-element-fb68b2b\" data-id=\"fb68b2b\" data-element_type=\"column\">\n\t\t\t<div class=\"elementor-widget-wrap elementor-element-populated\">\n\t\t\t\t\t\t<div class=\"elementor-element elementor-element-fc1c9fd elementor-widget elementor-widget-text-editor\" data-id=\"fc1c9fd\" data-element_type=\"widget\" data-widget_type=\"text-editor.default\">\n\t\t\t\t<div class=\"elementor-widget-container\">\n\t\t\t\t\t\t\t<p>Cookies policy<\/p><p><br \/>If you want to know more about the use of cookies made by this website barcelonatourswithirina.com, you are in the right place. Next, we will explain what exactly cookies are; what type of cookies we use and why; and how you can exercise your right to configure your browser and opt out of its use by anyone.<br \/>Of course, you should know that if you decide not to use some cookies, this website may not work perfectly, affecting your user experience.<\/p><p><br \/>WHAT IS A COOKIE<br \/>A cookie is a file that is downloaded to your computer when you access certain web pages or blogs.<br \/>Cookies allow this page, among other things, to store and retrieve information about your browsing habits or your equipment, and depending on the information they contain and the way you use your equipment, they can be used to recognize you.<\/p><p><br \/>The user&#039;s browser memorizes cookies on the hard drive only during the current session, taking up minimal memory space and not harming the computer.<\/p><p>Cookies do not contain any specific personal information, and most are deleted from the hard drive at the end of the browser session (so-called session cookies).<\/p><p><br \/>Most browsers accept cookies as standard and, independently of them, allow or prevent temporary or memorized cookies in the security settings.<\/p><p><br \/>Cookies are associated with the browser, not the person, so they do not usually store sensitive information about you such as credit cards or bank details, photographs or personal information, etc. The data they store is of a technical nature, statistics, personal preferences, content customization, etc.<\/p><p><br \/>ACCEPTANCE OF COOKIES: CURRENT REGULATIONS<br \/>By accessing this website, and in accordance with current regulations on data protection, we inform you of the use of cookies, giving you the option to expressly accept them and access more information through this Cookies Policy.<\/p><p><br \/>You should know that, if you continue browsing, you will be giving your consent to the use of these cookies. But, at any time, you can change your mind and block its use through your browser.<\/p><p><br \/>For your complete peace of mind, this website complies with the provisions of current regulations regarding the use of cookies and your personal data:<br \/>The LSSI-CE regulation (Law on the Information Society and Electronic Commerce)<\/p><p><br \/>The GDPR (Regulation (EU) 2016\/679 of the European Parliament and of the Council of April 27, 2016 regarding the protection of natural persons), which unifies the regulation of the processing of personal data in EU countries.<\/p><p><br \/>This Cookies Policy could be modified at any time to adapt to regulatory developments or changes in our activities, with the one published on the website being valid at any time.<\/p><p><br \/>TYPE OF COOKIES<br \/>In order to offer you a better user experience, obtain analytical data, store and retrieve information about your browsing habits or your equipment and develop its activity, this website https:\/\/barcelonatourswithirina.com uses its own and third-party cookies.<br \/>What types of cookies does this website use?<\/p><p><br \/>\u2022 Technical cookies: These are those that allow the user to navigate through a web page, platform or application and use the different options or services that exist, such as, for example, controlling traffic and data communication, identifying the session. , access restricted access parts, remember the elements that make up an order, carry out the purchase process of an order, make a request for registration or participation in an event, use security elements during navigation, store content for the dissemination of videos or sound or share content through social networks.<\/p><p><br \/>\u2022 Personalization cookies: These are those that allow the user to access the service with some predefined general characteristics based on a series of criteria on the user&#039;s terminal such as the language, the type of browser through which the service is accessed, the locale from where you access the service, etc.<\/p><p><br \/>\u2022 Analysis cookies: These are those that, well treated by us or by third parties, allow us to quantify the number of users and thus carry out the measurement and statistical analysis of the use made by users of the service offered. That is why your browsing on our website is analyzed to improve the range of products or services we offer you.<\/p><p><br \/>\u2022 Advertising cookies: These are those that, whether treated by us or by third parties, allow us to manage in the most efficient way possible the offer of advertising spaces that exist on the website, adapting the content of the advertisement to the content of the requested service or the use you make of our website. That is why we can analyze your Internet browsing habits and we can show you advertising related to your browsing profile.<\/p><p><br \/>\u2022 Behavioral advertising cookies: These are those that allow the management, in the most efficient way possible, of the advertising spaces that, where appropriate, the editor has included in a web page, application or platform from which it provides the service alone. licity.<\/p><p>These cookies store information on user behavior obtained through continuous observation of their browsing habits, which allows the development of a specific profile to display advertising based on it.<\/p><p><br \/>\u2022 Third-party cookies: This website Link on the website may use third-party services that, on behalf of Google, will collect information for statistical purposes, for the use of the site by the user and for the provision of other services related to the activity of the site. web and other Internet services.<br \/>In particular, this website uses Google Analytics, a web analytics service provided by Google, Inc. domiciled in the United States with headquarters at 1600 Amphitheater Parkway, Mountain View, California 94043. To provide these services, Google uses cookies. that collect information, including the user&#039;s IP address, which will be transmitted, processed and stored by Google under the terms established on the Google.com website. This includes the possible transmission of this information to third parties for reasons of legal requirement or when these third parties process the information on behalf of Google.<\/p><p><br \/>MANAGE AND REJECT THE USE OF COOKIES<br \/>At any time, you can adapt your browser settings to manage, reject the use of cookies and be notified before downloading them.<\/p><p><br \/>You can also adjust the settings so that the browser rejects all cookies, or only third-party cookies. And you can also delete any of the cookies that are already on your computer.<\/p><p><br \/>Therefore, you must keep in mind that you will have to separately adapt the configuration of each browser and device you use since, as we have mentioned previously, cookies are associated with the browser, not with the person.<\/p><p><br \/>Google Chrome https:\/\/support.google.com\/chrome\/answer\/95647?hl=es-419<br \/>Internet Explorer https:\/\/support.microsoft.com\/es-ca\/help\/17442\/windows-internet-explorer-delete-manage-cookies#ie=ie-10<br \/>Mozilla Firefox https:\/\/support.mozilla.org\/es\/kb\/habilitar-y-deshabilitar-cookies-sitios-web-rastrear-preferences?redirectlocale=es&amp;redirectslug=habilitar-y-deshabilitar-cookies-que-los-sitios- we<br \/>Apple Safari https:\/\/support.apple.com\/es-ca\/HT201265<\/p><p><br \/>If you have any questions about this Cookies Policy, you can contact us by sending an email to sytcheva2811@gmail.com<\/p>\t\t\t\t\t\t<\/div>\n\t\t\t\t<\/div>\n\t\t\t\t\t<\/div>\n\t\t<\/div>\n\t\t\t\t\t<\/div>\n\t\t<\/section>\n\t\t\t\t<section class=\"elementor-section elementor-top-section elementor-element elementor-element-1d5de3ea elementor-section-full_width elementor-section-height-min-height elementor-hidden-mobile elementor-section-height-default elementor-section-items-middle\" data-id=\"1d5de3ea\" data-element_type=\"section\">\n\t\t\t\t\t\t<div class=\"elementor-container elementor-column-gap-default\">\n\t\t\t\t\t<div class=\"elementor-column elementor-col-100 elementor-top-column elementor-element elementor-element-37df94bc\" data-id=\"37df94bc\" data-element_type=\"column\">\n\t\t\t<div class=\"elementor-widget-wrap\">\n\t\t\t\t\t\t\t<\/div>\n\t\t<\/div>\n\t\t\t\t\t<\/div>\n\t\t<\/section>\n\t\t\t\t<\/div>","protected":false},"excerpt":{"rendered":"<p>Cookie Policy Cookie Policy If you want to know more about the use of cookies on this website barcelonatourswithirina.com, you are in the right place. Below, we will explain what exactly cookies are; what type of cookies we use and for what purpose; and how you can exercise your right to configure your browser and reject their use.<\/p>","protected":false},"author":1,"featured_media":0,"parent":0,"menu_order":0,"comment_status":"closed","ping_status":"closed","template":"","meta":{"footnotes":""},"class_list":["post-29","page","type-page","status-publish","hentry"],"yoast_head":"<!-- This site is optimized with the Yoast SEO plugin v23.9 - https:\/\/yoast.com\/wordpress\/plugins\/seo\/ -->\n<title>Pol\u00edtica de cookies - Barcelona tours with Irina<\/title>\n<meta name=\"robots\" content=\"noindex, nofollow\" \/>\n<meta property=\"og:locale\" content=\"en_GB\" \/>\n<meta property=\"og:type\" content=\"article\" \/>\n<meta property=\"og:title\" content=\"Pol\u00edtica de cookies - Barcelona tours with Irina\" \/>\n<meta property=\"og:description\" content=\"Pol\u00edtica de cookies Pol\u00edtica de cookies Si quieres saber m\u00e1s sobre el uso de cookies que realiza este sitio web barcelonatourswithirina.com, est\u00e1s en el sitio indicado. A continuaci\u00f3n, explicaremos qu\u00e9 son exactamente las cookies; qu\u00e9 tipo de cookies utilizamos y para qu\u00e9; y c\u00f3mo puedes ejercer tu derecho para configurar tu navegador y desestimar su [&hellip;]\" \/>\n<meta property=\"og:url\" content=\"https:\/\/barcelonatourswithirina.com\/en\/cookies-policy\/\" \/>\n<meta property=\"og:site_name\" content=\"Barcelona tours with Irina\" \/>\n<meta property=\"article:modified_time\" content=\"2023-11-07T12:29:36+00:00\" \/>\n<meta name=\"twitter:card\" content=\"summary_large_image\" \/>\n<meta name=\"twitter:label1\" content=\"Estimated reading time\" \/>\n\t<meta name=\"twitter:data1\" content=\"6 minutes\" \/>\n<script type=\"application\/ld+json\" class=\"yoast-schema-graph\">{\"@context\":\"https:\/\/schema.org\",\"@graph\":[{\"@type\":\"WebPage\",\"@id\":\"https:\/\/barcelonatourswithirina.com\/politica-de-cookies\/\",\"url\":\"https:\/\/barcelonatourswithirina.com\/politica-de-cookies\/\",\"name\":\"Pol\u00edtica de cookies - Barcelona tours with Irina\",\"isPartOf\":{\"@id\":\"https:\/\/barcelonatourswithirina.com\/#website\"},\"datePublished\":\"2023-10-24T14:09:54+00:00\",\"dateModified\":\"2023-11-07T12:29:36+00:00\",\"breadcrumb\":{\"@id\":\"https:\/\/barcelonatourswithirina.com\/politica-de-cookies\/#breadcrumb\"},\"inLanguage\":\"en-GB\",\"potentialAction\":[{\"@type\":\"ReadAction\",\"target\":[\"https:\/\/barcelonatourswithirina.com\/politica-de-cookies\/\"]}]},{\"@type\":\"BreadcrumbList\",\"@id\":\"https:\/\/barcelonatourswithirina.com\/politica-de-cookies\/#breadcrumb\",\"itemListElement\":[{\"@type\":\"ListItem\",\"position\":1,\"name\":\"Portada\",\"item\":\"https:\/\/barcelonatourswithirina.com\/\"},{\"@type\":\"ListItem\",\"position\":2,\"name\":\"Pol\u00edtica de cookies\"}]},{\"@type\":\"WebSite\",\"@id\":\"https:\/\/barcelonatourswithirina.com\/#website\",\"url\":\"https:\/\/barcelonatourswithirina.com\/\",\"name\":\"Barcelona tours with Irina\",\"description\":\"\",\"publisher\":{\"@id\":\"https:\/\/barcelonatourswithirina.com\/#organization\"},\"potentialAction\":[{\"@type\":\"SearchAction\",\"target\":{\"@type\":\"EntryPoint\",\"urlTemplate\":\"https:\/\/barcelonatourswithirina.com\/?s={search_term_string}\"},\"query-input\":{\"@type\":\"PropertyValueSpecification\",\"valueRequired\":true,\"valueName\":\"search_term_string\"}}],\"inLanguage\":\"en-GB\"},{\"@type\":\"Organization\",\"@id\":\"https:\/\/barcelonatourswithirina.com\/#organization\",\"name\":\"Barcelona tours with Irina\",\"url\":\"https:\/\/barcelonatourswithirina.com\/\",\"logo\":{\"@type\":\"ImageObject\",\"inLanguage\":\"en-GB\",\"@id\":\"https:\/\/barcelonatourswithirina.com\/#\/schema\/logo\/image\/\",\"url\":\"https:\/\/barcelonatourswithirina.com\/wp-content\/uploads\/2023\/10\/logo_irina.png\",\"contentUrl\":\"https:\/\/barcelonatourswithirina.com\/wp-content\/uploads\/2023\/10\/logo_irina.png\",\"width\":380,\"height\":38,\"caption\":\"Barcelona tours with Irina\"},\"image\":{\"@id\":\"https:\/\/barcelonatourswithirina.com\/#\/schema\/logo\/image\/\"}}]}<\/script>\n<!-- \/ Yoast SEO plugin. -->","yoast_head_json":{"title":"Pol\u00edtica de cookies - Barcelona tours with Irina","robots":{"index":"noindex","follow":"nofollow"},"og_locale":"en_GB","og_type":"article","og_title":"Pol\u00edtica de cookies - Barcelona tours with Irina","og_description":"Pol\u00edtica de cookies Pol\u00edtica de cookies Si quieres saber m\u00e1s sobre el uso de cookies que realiza este sitio web barcelonatourswithirina.com, est\u00e1s en el sitio indicado. A continuaci\u00f3n, explicaremos qu\u00e9 son exactamente las cookies; qu\u00e9 tipo de cookies utilizamos y para qu\u00e9; y c\u00f3mo puedes ejercer tu derecho para configurar tu navegador y desestimar su [&hellip;]","og_url":"https:\/\/barcelonatourswithirina.com\/en\/cookies-policy\/","og_site_name":"Barcelona tours with Irina","article_modified_time":"2023-11-07T12:29:36+00:00","twitter_card":"summary_large_image","twitter_misc":{"Estimated reading time":"6 minutes"},"schema":{"@context":"https:\/\/schema.org","@graph":[{"@type":"WebPage","@id":"https:\/\/barcelonatourswithirina.com\/politica-de-cookies\/","url":"https:\/\/barcelonatourswithirina.com\/politica-de-cookies\/","name":"Pol\u00edtica de cookies - Barcelona tours with Irina","isPartOf":{"@id":"https:\/\/barcelonatourswithirina.com\/#website"},"datePublished":"2023-10-24T14:09:54+00:00","dateModified":"2023-11-07T12:29:36+00:00","breadcrumb":{"@id":"https:\/\/barcelonatourswithirina.com\/politica-de-cookies\/#breadcrumb"},"inLanguage":"en-GB","potentialAction":[{"@type":"ReadAction","target":["https:\/\/barcelonatourswithirina.com\/politica-de-cookies\/"]}]},{"@type":"BreadcrumbList","@id":"https:\/\/barcelonatourswithirina.com\/politica-de-cookies\/#breadcrumb","itemListElement":[{"@type":"ListItem","position":1,"name":"Portada","item":"https:\/\/barcelonatourswithirina.com\/"},{"@type":"ListItem","position":2,"name":"Pol\u00edtica de cookies"}]},{"@type":"WebSite","@id":"https:\/\/barcelonatourswithirina.com\/#website","url":"https:\/\/barcelonatourswithirina.com\/","name":"Barcelona tours with Irina","description":"","publisher":{"@id":"https:\/\/barcelonatourswithirina.com\/#organization"},"potentialAction":[{"@type":"SearchAction","target":{"@type":"EntryPoint","urlTemplate":"https:\/\/barcelonatourswithirina.com\/?s={search_term_string}"},"query-input":{"@type":"PropertyValueSpecification","valueRequired":true,"valueName":"search_term_string"}}],"inLanguage":"en-GB"},{"@type":"Organization","@id":"https:\/\/barcelonatourswithirina.com\/#organization","name":"Barcelona tours with Irina","url":"https:\/\/barcelonatourswithirina.com\/","logo":{"@type":"ImageObject","inLanguage":"en-GB","@id":"https:\/\/barcelonatourswithirina.com\/#\/schema\/logo\/image\/","url":"https:\/\/barcelonatourswithirina.com\/wp-content\/uploads\/2023\/10\/logo_irina.png","contentUrl":"https:\/\/barcelonatourswithirina.com\/wp-content\/uploads\/2023\/10\/logo_irina.png","width":380,"height":38,"caption":"Barcelona tours with Irina"},"image":{"@id":"https:\/\/barcelonatourswithirina.com\/#\/schema\/logo\/image\/"}}]}},"_links":{"self":[{"href":"https:\/\/barcelonatourswithirina.com\/en\/wp-json\/wp\/v2\/pages\/29","targetHints":{"allow":["GET"]}}],"collection":[{"href":"https:\/\/barcelonatourswithirina.com\/en\/wp-json\/wp\/v2\/pages"}],"about":[{"href":"https:\/\/barcelonatourswithirina.com\/en\/wp-json\/wp\/v2\/types\/page"}],"author":[{"embeddable":true,"href":"https:\/\/barcelonatourswithirina.com\/en\/wp-json\/wp\/v2\/users\/1"}],"replies":[{"embeddable":true,"href":"https:\/\/barcelonatourswithirina.com\/en\/wp-json\/wp\/v2\/comments?post=29"}],"version-history":[{"count":15,"href":"https:\/\/barcelonatourswithirina.com\/en\/wp-json\/wp\/v2\/pages\/29\/revisions"}],"predecessor-version":[{"id":639,"href":"https:\/\/barcelonatourswithirina.com\/en\/wp-json\/wp\/v2\/pages\/29\/revisions\/639"}],"wp:attachment":[{"href":"https:\/\/barcelonatourswithirina.com\/en\/wp-json\/wp\/v2\/media?parent=29"}],"curies":[{"name":"wp","href":"https:\/\/api.w.org\/{rel}","templated":true}]}}