{"id":26,"date":"2023-10-24T14:09:53","date_gmt":"2023-10-24T14:09:53","guid":{"rendered":"https:\/\/barcelonatourswithirina.com\/avis-legal\/"},"modified":"2023-11-07T12:25:24","modified_gmt":"2023-11-07T12:25:24","slug":"aviso-legal","status":"publish","type":"page","link":"https:\/\/barcelonatourswithirina.com\/en\/legal-warning\/","title":{"rendered":"Legal warning"},"content":{"rendered":"<div data-elementor-type=\"wp-page\" data-elementor-id=\"26\" class=\"elementor elementor-26\" data-elementor-post-type=\"page\">\n\t\t\t\t\t\t<section class=\"elementor-section elementor-top-section elementor-element elementor-element-5113a533 elementor-section-full_width elementor-section-height-min-height elementor-section-height-default elementor-section-items-middle\" data-id=\"5113a533\" data-element_type=\"section\" data-settings=\"{&quot;background_background&quot;:&quot;classic&quot;}\">\n\t\t\t\t\t\t\t<div class=\"elementor-background-overlay\"><\/div>\n\t\t\t\t\t\t\t<div class=\"elementor-container elementor-column-gap-no\">\n\t\t\t\t\t<div class=\"elementor-column elementor-col-100 elementor-top-column elementor-element elementor-element-2cb3859b\" data-id=\"2cb3859b\" data-element_type=\"column\">\n\t\t\t<div class=\"elementor-widget-wrap elementor-element-populated\">\n\t\t\t\t\t\t<section class=\"elementor-section elementor-inner-section elementor-element elementor-element-2efe3701 elementor-section-boxed elementor-section-height-default elementor-section-height-default\" data-id=\"2efe3701\" data-element_type=\"section\" data-settings=\"{&quot;background_background&quot;:&quot;classic&quot;}\">\n\t\t\t\t\t\t<div class=\"elementor-container elementor-column-gap-default\">\n\t\t\t\t\t<div class=\"elementor-column elementor-col-100 elementor-inner-column elementor-element elementor-element-4b54eeb9\" data-id=\"4b54eeb9\" data-element_type=\"column\">\n\t\t\t<div class=\"elementor-widget-wrap elementor-element-populated\">\n\t\t\t\t\t\t<div class=\"elementor-element elementor-element-54ebf2f1 elementor-widget elementor-widget-text-editor\" data-id=\"54ebf2f1\" data-element_type=\"widget\" data-widget_type=\"text-editor.default\">\n\t\t\t\t<div class=\"elementor-widget-container\">\n\t\t\t\t\t\t\t<p>Legal warning<\/p>\t\t\t\t\t\t<\/div>\n\t\t\t\t<\/div>\n\t\t\t\t\t<\/div>\n\t\t<\/div>\n\t\t\t\t\t<\/div>\n\t\t<\/section>\n\t\t\t\t\t<\/div>\n\t\t<\/div>\n\t\t\t\t\t<\/div>\n\t\t<\/section>\n\t\t\t\t<section class=\"elementor-section elementor-top-section elementor-element elementor-element-4c9393a7 elementor-section-full_width elementor-section-height-min-height elementor-hidden-mobile elementor-section-height-default elementor-section-items-middle\" data-id=\"4c9393a7\" data-element_type=\"section\">\n\t\t\t\t\t\t<div class=\"elementor-container elementor-column-gap-default\">\n\t\t\t\t\t<div class=\"elementor-column elementor-col-100 elementor-top-column elementor-element elementor-element-5a5fd5cc\" data-id=\"5a5fd5cc\" data-element_type=\"column\">\n\t\t\t<div class=\"elementor-widget-wrap\">\n\t\t\t\t\t\t\t<\/div>\n\t\t<\/div>\n\t\t\t\t\t<\/div>\n\t\t<\/section>\n\t\t\t\t<section class=\"elementor-section elementor-top-section elementor-element elementor-element-9ccfa0e elementor-section-boxed elementor-section-height-default elementor-section-height-default\" data-id=\"9ccfa0e\" data-element_type=\"section\">\n\t\t\t\t\t\t<div class=\"elementor-container elementor-column-gap-default\">\n\t\t\t\t\t<div class=\"elementor-column elementor-col-100 elementor-top-column elementor-element elementor-element-bb963c0\" data-id=\"bb963c0\" data-element_type=\"column\">\n\t\t\t<div class=\"elementor-widget-wrap elementor-element-populated\">\n\t\t\t\t\t\t<div class=\"elementor-element elementor-element-fc4ce76 elementor-widget elementor-widget-text-editor\" data-id=\"fc4ce76\" data-element_type=\"widget\" data-widget_type=\"text-editor.default\">\n\t\t\t\t<div class=\"elementor-widget-container\">\n\t\t\t\t\t\t\t<p>Legal warning<br \/>This Legal Notice is intended to inform you of your rights and obligations as a user of this website. Here you will find all the information you need about this website, its activity, the personal data it collects and its purpose, as well as the rules of use that regulate the use of this website.<\/p><p><br \/>When you access this website https:\/\/barcelonatourswithirina.com, you assume the status of user, so the content of this Legal Notice affects you directly.<\/p><p>Therefore, it is important that you read it to dispel any doubts you may have and to have full knowledge of the conditions you are accepting.<\/p><p><br \/>To begin with, you should know that this website complies with current regulations on data protection, with the aim of providing you with the guarantees, security and transparency that, as a user, correspond to you when using this website.<\/p><p><br \/>The RGPD (Regulation (EU) 2016\/679 of the European Parliament and of the Council of April 27, 2016 regarding the protection of natural persons), which is the new regulation of the European Union that unifies the regulation of the processing of personal data in the different EU countries.<\/p><p><br \/>The LOPD (Organic Law 15\/1999, of December 13, on the Protection of Personal Data and Royal Decree 1720\/2007, of December 21, the Regulations for the development of the LOPD) which regulates the processing of personal data and the obligations that those responsible for a website or blog must assume when managing this information.<br \/>The LSSI (Law 34\/2002, of July 11, on Information Society Services and Electronic Commerce) that regulates economic transactions through electronic means, as is the case of this blog.<\/p><p><br \/>IDENTIFICATION DATA<br \/>The person responsible and owner of this website is.<br \/>\u2022 Name: <br \/>\u2022 NIF: <br \/>\u2022 Registered Office: <br \/>\u2022 Email: sytcheva2811@gmail.com<\/p><p>The data that you provide us with your consent, and in accordance with the use established in this Privacy Policy, will be incorporated into a private file, in which the person responsible for this file is: Company name. This means that your data is safe, in accordance with the law.<\/p><p><br \/>RULES FOR ACCESS TO THE WEBSITE<br \/>As a user of our website, you also have a series of obligations:<\/p><p><br \/>You may not use this website to carry out activities contrary to the law, morality, public order and, in general, to use them in accordance with the conditions established in this Legal Notice.<\/p><p><br \/>You will not be able to carry out advertising or commercial exploitation activities by sending messages that use a false identity.<\/p><p><br \/>You will be solely responsible for the truthfulness and accuracy of the content that you enter on this website and the personal data that you provide to us for the purposes provided for in our Privacy Policy.<\/p><p><br \/>You will also be solely responsible for carrying out any type of illegal, rights-injuring, harmful and\/or harmful action on third-party sites to which we may refer you from this website for the development of our activity.<\/p><p><br \/>As responsible for the website, Company Name may interrupt the service of the page that is being used by the user and immediately terminate the relationship if it detects use of the website or any of the services offered that may be considered contrary. to what this Legal Notice expresses.<\/p><p><br \/>INTELLECTUAL AND INDUSTRIAL PROPERTY<\/p><p>The entirety of this website (text, images, brands, graphics, logos, buttons, software files, color combinations, as well as the structure, selection, arrangement and presentation of its contents) is protected by current property laws. Intellectual and Industrial, its reproduction, distribution, public communication and transformation is prohibited, except for personal and private use.<\/p><p><br \/>As the owner of this website, Company Name does not guarantee that the contents are necessary or error-free or that the free use of them by users does not infringe the rights of third parties. The proper use or damage of this page and its contents is the responsibility of the user.<\/p><p><br \/>Likewise, the reproduction, retransmission, copy, transfer or redistribution, in whole or in part, of the information contained on the page is prohibited, whatever its purpose and the means used for it, without prior authorization from Company Name.<\/p><p><br \/>LINKS OR LINKS<\/p><p>This website includes links to third party sites. The pages belonging to these third parties have not been reviewed nor are they subject to controls by us, so Name Company cannot be held responsible for the contents of these websites, nor for the measures adopted regarding your privacy or to the processing of your personal data or other data that may arise.<\/p><p><br \/>For all these reasons, we recommend that you carefully read the conditions of use, privacy policy, legal notices and\/or similar of these sites.<\/p><p><br \/>LIMITATION OF LIABILITY<br \/>In exercising its right as the owner of this website, we inform you that Company Name is not responsible in any case for the following:<br \/>The quality of the service, the speed of access, the correct functioning or the availability or continuity of operation of the page.<br \/>The existence of viruses, malicious software, malicious or harmful programs in the contents.<br \/>Illegal, negligent, fraudulent or contrary use to this Legal Notice.<br \/>The lack of legality, quality, reliability, usefulness and availability of the services provided by third parties and made available to users on this website.<br \/>For damages that may arise from the illegal or improper use of this blog.<\/p><p><br \/>PRIVACY AND DATA PROTECTION POLICY<br \/>This website complies with current regulations on data protection, which implies that, as a user, you must give your express consent before providing us with personal data through the different forms made available in the sections of our page.<br \/>Therefore, for the sake of transparency and the exercise of your right, our duty is to inform you about the personal data we request, store and process and for what purposes, having the possibility of freely revoking your consent at any time.<br \/>You can find all this information in our PRIVACY POLICY.<\/p><p><br \/>COOKIES POLICY<br \/>As we inform you only by accessing our website, this site uses its own and third-party cookies in order to provide you with the best user experience and develop our activity.<br \/>At any time, you will have the option to configure your browser to reject the use of these cookies which, in some cases, will affect your user experience.<br \/>To access complete information about the use of cookies on this website, their purpose and rejection, you can consult our COOKIE POLICY.<\/p><p><br \/>APPLICABLE LAW AND COMPETENT JURISDICTION<\/p><p>This Legal Notice is subject to current Spanish legislation.<br \/>If necessary, in the event of any type of legal dispute, the company name and user, expressly waiving any other jurisdiction, will be submitted to the courts and tribunals of the user&#039;s domicile for any dispute that may arise.<\/p><p><br \/>In the event that the user is domiciled outside of Spain, the company name and the user will be submitted, expressly waiving any other jurisdiction, to the courts and tribunals of Barcelona (Spain).<br \/>If you have any questions about this Legal Notice, you can send us an email to sytcheva2811@gmail.com<\/p>\t\t\t\t\t\t<\/div>\n\t\t\t\t<\/div>\n\t\t\t\t\t<\/div>\n\t\t<\/div>\n\t\t\t\t\t<\/div>\n\t\t<\/section>\n\t\t\t\t<section class=\"elementor-section elementor-top-section elementor-element elementor-element-51691c69 elementor-section-boxed elementor-section-height-default elementor-section-height-default\" data-id=\"51691c69\" data-element_type=\"section\">\n\t\t\t\t\t\t<div class=\"elementor-container elementor-column-gap-default\">\n\t\t\t\t\t<div class=\"elementor-column elementor-col-100 elementor-top-column elementor-element elementor-element-6c43b8f8\" data-id=\"6c43b8f8\" data-element_type=\"column\">\n\t\t\t<div class=\"elementor-widget-wrap elementor-element-populated\">\n\t\t\t\t\t\t<section class=\"elementor-section elementor-inner-section elementor-element elementor-element-7f4ea2d6 elementor-section-content-middle elementor-section-boxed elementor-section-height-default elementor-section-height-default\" data-id=\"7f4ea2d6\" data-element_type=\"section\" data-settings=\"{&quot;background_background&quot;:&quot;classic&quot;}\">\n\t\t\t\t\t\t<div class=\"elementor-container elementor-column-gap-default\">\n\t\t\t\t\t<div class=\"elementor-column elementor-col-100 elementor-inner-column elementor-element elementor-element-6add102d\" data-id=\"6add102d\" data-element_type=\"column\">\n\t\t\t<div class=\"elementor-widget-wrap elementor-element-populated\">\n\t\t\t\t\t\t<div class=\"elementor-element elementor-element-1cc4653 elementor-widget__width-initial elementor-widget elementor-widget-text-editor\" data-id=\"1cc4653\" data-element_type=\"widget\" data-widget_type=\"text-editor.default\">\n\t\t\t\t<div class=\"elementor-widget-container\">\n\t\t\t\t\t\t\t<p><img decoding=\"async\" src=\"https:\/\/www.xarketing.com\/wp-content\/uploads\/2022\/03\/digitalizadores-1-1024x119.png\" \/><span style=\"font-family: 'Calibri Light','sans-serif'; mso-ascii-theme-font: major-latin; mso-hansi-theme-font: major-latin; mso-bidi-theme-font: major-latin; mso-bidi-font-weight: bold;\"><u><br \/><\/u><\/span><\/p>\t\t\t\t\t\t<\/div>\n\t\t\t\t<\/div>\n\t\t\t\t\t<\/div>\n\t\t<\/div>\n\t\t\t\t\t<\/div>\n\t\t<\/section>\n\t\t\t\t\t<\/div>\n\t\t<\/div>\n\t\t\t\t\t<\/div>\n\t\t<\/section>\n\t\t\t\t<section class=\"elementor-section elementor-top-section elementor-element elementor-element-31f1cec0 elementor-section-full_width elementor-section-height-min-height elementor-hidden-mobile elementor-section-height-default elementor-section-items-middle\" data-id=\"31f1cec0\" data-element_type=\"section\">\n\t\t\t\t\t\t<div class=\"elementor-container elementor-column-gap-default\">\n\t\t\t\t\t<div class=\"elementor-column elementor-col-100 elementor-top-column elementor-element elementor-element-2c025b78\" data-id=\"2c025b78\" data-element_type=\"column\">\n\t\t\t<div class=\"elementor-widget-wrap\">\n\t\t\t\t\t\t\t<\/div>\n\t\t<\/div>\n\t\t\t\t\t<\/div>\n\t\t<\/section>\n\t\t\t\t<\/div>","protected":false},"excerpt":{"rendered":"<p>Legal Notice Legal NoticeThis Legal Notice is intended to inform you of your rights and obligations as a user of this website. Here you will find all the information you need about this website, its activity, the personal data it collects and its purpose, as well as the rules of use that regulate the use of this website.<\/p>","protected":false},"author":1,"featured_media":0,"parent":0,"menu_order":0,"comment_status":"closed","ping_status":"closed","template":"","meta":{"footnotes":""},"class_list":["post-26","page","type-page","status-publish","hentry"],"yoast_head":"<!-- This site is optimized with the Yoast SEO plugin v23.9 - https:\/\/yoast.com\/wordpress\/plugins\/seo\/ -->\n<title>Aviso legal - Barcelona tours with Irina<\/title>\n<meta name=\"robots\" content=\"noindex, nofollow\" \/>\n<meta property=\"og:locale\" content=\"en_GB\" \/>\n<meta property=\"og:type\" content=\"article\" \/>\n<meta property=\"og:title\" content=\"Aviso legal - Barcelona tours with Irina\" \/>\n<meta property=\"og:description\" content=\"Aviso legal Aviso LegalEste Aviso Legal tiene el objetivo de informarle de sus derechos y obligaciones como usuario de este sitio web. Aqu\u00ed encontrar\u00e1s toda la informaci\u00f3n que necesitas sobre este sitio web, su actividad, los datos personales que recoge y su finalidad, as\u00ed como las normas de uso que regulan el uso de esta [&hellip;]\" \/>\n<meta property=\"og:url\" content=\"https:\/\/barcelonatourswithirina.com\/en\/legal-warning\/\" \/>\n<meta property=\"og:site_name\" content=\"Barcelona tours with Irina\" \/>\n<meta property=\"article:modified_time\" content=\"2023-11-07T12:25:24+00:00\" \/>\n<meta property=\"og:image\" content=\"https:\/\/www.xarketing.com\/wp-content\/uploads\/2022\/03\/digitalizadores-1-1024x119.png\" \/>\n<meta name=\"twitter:card\" content=\"summary_large_image\" \/>\n<meta name=\"twitter:label1\" content=\"Estimated reading time\" \/>\n\t<meta name=\"twitter:data1\" content=\"1 minute\" \/>\n<script type=\"application\/ld+json\" class=\"yoast-schema-graph\">{\"@context\":\"https:\/\/schema.org\",\"@graph\":[{\"@type\":\"WebPage\",\"@id\":\"https:\/\/barcelonatourswithirina.com\/aviso-legal\/\",\"url\":\"https:\/\/barcelonatourswithirina.com\/aviso-legal\/\",\"name\":\"Aviso legal - Barcelona tours with Irina\",\"isPartOf\":{\"@id\":\"https:\/\/barcelonatourswithirina.com\/#website\"},\"primaryImageOfPage\":{\"@id\":\"https:\/\/barcelonatourswithirina.com\/aviso-legal\/#primaryimage\"},\"image\":{\"@id\":\"https:\/\/barcelonatourswithirina.com\/aviso-legal\/#primaryimage\"},\"thumbnailUrl\":\"https:\/\/www.xarketing.com\/wp-content\/uploads\/2022\/03\/digitalizadores-1-1024x119.png\",\"datePublished\":\"2023-10-24T14:09:53+00:00\",\"dateModified\":\"2023-11-07T12:25:24+00:00\",\"breadcrumb\":{\"@id\":\"https:\/\/barcelonatourswithirina.com\/aviso-legal\/#breadcrumb\"},\"inLanguage\":\"en-GB\",\"potentialAction\":[{\"@type\":\"ReadAction\",\"target\":[\"https:\/\/barcelonatourswithirina.com\/aviso-legal\/\"]}]},{\"@type\":\"ImageObject\",\"inLanguage\":\"en-GB\",\"@id\":\"https:\/\/barcelonatourswithirina.com\/aviso-legal\/#primaryimage\",\"url\":\"https:\/\/www.xarketing.com\/wp-content\/uploads\/2022\/03\/digitalizadores-1-1024x119.png\",\"contentUrl\":\"https:\/\/www.xarketing.com\/wp-content\/uploads\/2022\/03\/digitalizadores-1-1024x119.png\"},{\"@type\":\"BreadcrumbList\",\"@id\":\"https:\/\/barcelonatourswithirina.com\/aviso-legal\/#breadcrumb\",\"itemListElement\":[{\"@type\":\"ListItem\",\"position\":1,\"name\":\"Portada\",\"item\":\"https:\/\/barcelonatourswithirina.com\/\"},{\"@type\":\"ListItem\",\"position\":2,\"name\":\"Aviso legal\"}]},{\"@type\":\"WebSite\",\"@id\":\"https:\/\/barcelonatourswithirina.com\/#website\",\"url\":\"https:\/\/barcelonatourswithirina.com\/\",\"name\":\"Barcelona tours with Irina\",\"description\":\"\",\"publisher\":{\"@id\":\"https:\/\/barcelonatourswithirina.com\/#organization\"},\"potentialAction\":[{\"@type\":\"SearchAction\",\"target\":{\"@type\":\"EntryPoint\",\"urlTemplate\":\"https:\/\/barcelonatourswithirina.com\/?s={search_term_string}\"},\"query-input\":{\"@type\":\"PropertyValueSpecification\",\"valueRequired\":true,\"valueName\":\"search_term_string\"}}],\"inLanguage\":\"en-GB\"},{\"@type\":\"Organization\",\"@id\":\"https:\/\/barcelonatourswithirina.com\/#organization\",\"name\":\"Barcelona tours with Irina\",\"url\":\"https:\/\/barcelonatourswithirina.com\/\",\"logo\":{\"@type\":\"ImageObject\",\"inLanguage\":\"en-GB\",\"@id\":\"https:\/\/barcelonatourswithirina.com\/#\/schema\/logo\/image\/\",\"url\":\"https:\/\/barcelonatourswithirina.com\/wp-content\/uploads\/2023\/10\/logo_irina.png\",\"contentUrl\":\"https:\/\/barcelonatourswithirina.com\/wp-content\/uploads\/2023\/10\/logo_irina.png\",\"width\":380,\"height\":38,\"caption\":\"Barcelona tours with Irina\"},\"image\":{\"@id\":\"https:\/\/barcelonatourswithirina.com\/#\/schema\/logo\/image\/\"}}]}<\/script>\n<!-- \/ Yoast SEO plugin. -->","yoast_head_json":{"title":"Aviso legal - Barcelona tours with Irina","robots":{"index":"noindex","follow":"nofollow"},"og_locale":"en_GB","og_type":"article","og_title":"Aviso legal - Barcelona tours with Irina","og_description":"Aviso legal Aviso LegalEste Aviso Legal tiene el objetivo de informarle de sus derechos y obligaciones como usuario de este sitio web. Aqu\u00ed encontrar\u00e1s toda la informaci\u00f3n que necesitas sobre este sitio web, su actividad, los datos personales que recoge y su finalidad, as\u00ed como las normas de uso que regulan el uso de esta [&hellip;]","og_url":"https:\/\/barcelonatourswithirina.com\/en\/legal-warning\/","og_site_name":"Barcelona tours with Irina","article_modified_time":"2023-11-07T12:25:24+00:00","og_image":[{"url":"https:\/\/www.xarketing.com\/wp-content\/uploads\/2022\/03\/digitalizadores-1-1024x119.png"}],"twitter_card":"summary_large_image","twitter_misc":{"Estimated reading time":"1 minute"},"schema":{"@context":"https:\/\/schema.org","@graph":[{"@type":"WebPage","@id":"https:\/\/barcelonatourswithirina.com\/aviso-legal\/","url":"https:\/\/barcelonatourswithirina.com\/aviso-legal\/","name":"Aviso legal - Barcelona tours with Irina","isPartOf":{"@id":"https:\/\/barcelonatourswithirina.com\/#website"},"primaryImageOfPage":{"@id":"https:\/\/barcelonatourswithirina.com\/aviso-legal\/#primaryimage"},"image":{"@id":"https:\/\/barcelonatourswithirina.com\/aviso-legal\/#primaryimage"},"thumbnailUrl":"https:\/\/www.xarketing.com\/wp-content\/uploads\/2022\/03\/digitalizadores-1-1024x119.png","datePublished":"2023-10-24T14:09:53+00:00","dateModified":"2023-11-07T12:25:24+00:00","breadcrumb":{"@id":"https:\/\/barcelonatourswithirina.com\/aviso-legal\/#breadcrumb"},"inLanguage":"en-GB","potentialAction":[{"@type":"ReadAction","target":["https:\/\/barcelonatourswithirina.com\/aviso-legal\/"]}]},{"@type":"ImageObject","inLanguage":"en-GB","@id":"https:\/\/barcelonatourswithirina.com\/aviso-legal\/#primaryimage","url":"https:\/\/www.xarketing.com\/wp-content\/uploads\/2022\/03\/digitalizadores-1-1024x119.png","contentUrl":"https:\/\/www.xarketing.com\/wp-content\/uploads\/2022\/03\/digitalizadores-1-1024x119.png"},{"@type":"BreadcrumbList","@id":"https:\/\/barcelonatourswithirina.com\/aviso-legal\/#breadcrumb","itemListElement":[{"@type":"ListItem","position":1,"name":"Portada","item":"https:\/\/barcelonatourswithirina.com\/"},{"@type":"ListItem","position":2,"name":"Aviso legal"}]},{"@type":"WebSite","@id":"https:\/\/barcelonatourswithirina.com\/#website","url":"https:\/\/barcelonatourswithirina.com\/","name":"Barcelona tours with Irina","description":"","publisher":{"@id":"https:\/\/barcelonatourswithirina.com\/#organization"},"potentialAction":[{"@type":"SearchAction","target":{"@type":"EntryPoint","urlTemplate":"https:\/\/barcelonatourswithirina.com\/?s={search_term_string}"},"query-input":{"@type":"PropertyValueSpecification","valueRequired":true,"valueName":"search_term_string"}}],"inLanguage":"en-GB"},{"@type":"Organization","@id":"https:\/\/barcelonatourswithirina.com\/#organization","name":"Barcelona tours with Irina","url":"https:\/\/barcelonatourswithirina.com\/","logo":{"@type":"ImageObject","inLanguage":"en-GB","@id":"https:\/\/barcelonatourswithirina.com\/#\/schema\/logo\/image\/","url":"https:\/\/barcelonatourswithirina.com\/wp-content\/uploads\/2023\/10\/logo_irina.png","contentUrl":"https:\/\/barcelonatourswithirina.com\/wp-content\/uploads\/2023\/10\/logo_irina.png","width":380,"height":38,"caption":"Barcelona tours with Irina"},"image":{"@id":"https:\/\/barcelonatourswithirina.com\/#\/schema\/logo\/image\/"}}]}},"_links":{"self":[{"href":"https:\/\/barcelonatourswithirina.com\/en\/wp-json\/wp\/v2\/pages\/26","targetHints":{"allow":["GET"]}}],"collection":[{"href":"https:\/\/barcelonatourswithirina.com\/en\/wp-json\/wp\/v2\/pages"}],"about":[{"href":"https:\/\/barcelonatourswithirina.com\/en\/wp-json\/wp\/v2\/types\/page"}],"author":[{"embeddable":true,"href":"https:\/\/barcelonatourswithirina.com\/en\/wp-json\/wp\/v2\/users\/1"}],"replies":[{"embeddable":true,"href":"https:\/\/barcelonatourswithirina.com\/en\/wp-json\/wp\/v2\/comments?post=26"}],"version-history":[{"count":18,"href":"https:\/\/barcelonatourswithirina.com\/en\/wp-json\/wp\/v2\/pages\/26\/revisions"}],"predecessor-version":[{"id":635,"href":"https:\/\/barcelonatourswithirina.com\/en\/wp-json\/wp\/v2\/pages\/26\/revisions\/635"}],"wp:attachment":[{"href":"https:\/\/barcelonatourswithirina.com\/en\/wp-json\/wp\/v2\/media?parent=26"}],"curies":[{"name":"wp","href":"https:\/\/api.w.org\/{rel}","templated":true}]}}